{"id":24,"date":"2025-09-11T18:15:53","date_gmt":"2025-09-11T18:15:53","guid":{"rendered":"https:\/\/portail.staging.ssc.baamtuservices.com\/?page_id=24"},"modified":"2025-11-14T18:10:18","modified_gmt":"2025-11-14T18:10:18","slug":"actualites","status":"publish","type":"page","link":"https:\/\/portail.staging.ssc.baamtuservices.com\/en\/actualites\/","title":{"rendered":"L&rsquo;Actualit\u00e9"},"content":{"rendered":"<div data-elementor-type=\"wp-page\" data-elementor-id=\"24\" class=\"elementor elementor-24\">\n\t\t\t\t<div class=\"elementor-element elementor-element-0d8cd39 e-con-full e-flex e-con e-parent\" data-id=\"0d8cd39\" data-element_type=\"container\" data-settings=\"{&quot;background_background&quot;:&quot;classic&quot;}\">\n\t\t<div class=\"elementor-element elementor-element-6d16707 e-flex e-con-boxed e-con e-child\" data-id=\"6d16707\" data-element_type=\"container\">\n\t\t\t\t\t<div class=\"e-con-inner\">\n\t\t<div class=\"elementor-element elementor-element-ae6ad62 e-con-full e-flex e-con e-child\" data-id=\"ae6ad62\" data-element_type=\"container\">\n\t\t\t\t<div class=\"elementor-element elementor-element-093dead elementor-widget elementor-widget-heading\" data-id=\"093dead\" data-element_type=\"widget\" data-widget_type=\"heading.default\">\n\t\t\t\t\t<h2 class=\"elementor-heading-title elementor-size-default\">L'ECOSYSTEME START UP NE CESSE DE VIVRE DES ACTUALIT\u00c9S \u00c9TONNANTES<\/h2>\t\t\t\t<\/div>\n\t\t\t\t<div class=\"elementor-element elementor-element-5b05c9f elementor-widget elementor-widget-text-editor\" data-id=\"5b05c9f\" data-element_type=\"widget\" data-widget_type=\"text-editor.default\">\n\t\t\t\t\t\t\t\t\t<p>D\u00e9couvrez notre actualit\u00e9<\/p>\t\t\t\t\t\t\t\t<\/div>\n\t\t\t\t<\/div>\n\t\t\t\t\t<\/div>\n\t\t\t\t<\/div>\n\t\t\t\t<\/div>\n\t\t<div class=\"elementor-element elementor-element-3eabfed e-flex e-con-boxed e-con e-parent\" data-id=\"3eabfed\" data-element_type=\"container\" data-settings=\"{&quot;background_background&quot;:&quot;classic&quot;}\">\n\t\t\t\t\t<div class=\"e-con-inner\">\n\t\t\t\t<div class=\"elementor-element elementor-element-d5dd704 elementor-widget elementor-widget-spacer\" data-id=\"d5dd704\" data-element_type=\"widget\" data-widget_type=\"spacer.default\">\n\t\t\t\t\t\t\t<div class=\"elementor-spacer\">\n\t\t\t<div class=\"elementor-spacer-inner\"><\/div>\n\t\t<\/div>\n\t\t\t\t\t\t<\/div>\n\t\t\t\t<div class=\"elementor-element elementor-element-a66c7df elementor-widget elementor-widget-heading\" data-id=\"a66c7df\" data-element_type=\"widget\" data-widget_type=\"heading.default\">\n\t\t\t\t\t<h2 class=\"elementor-heading-title elementor-size-default\">NOTRE ACTUALIT\u00c9<\/h2>\t\t\t\t<\/div>\n\t\t\t\t<div class=\"elementor-element elementor-element-f195a2a e-n-tabs-mobile elementor-widget elementor-widget-n-tabs\" data-id=\"f195a2a\" data-element_type=\"widget\" id=\"news-tab\" data-settings=\"{&quot;tabs_justify_horizontal&quot;:&quot;start&quot;,&quot;horizontal_scroll&quot;:&quot;disable&quot;}\" data-widget_type=\"nested-tabs.default\">\n\t\t\t\t\t\t\t<div class=\"e-n-tabs\" data-widget-number=\"253319722\" aria-label=\"Tabs. Open items with Enter or Space, close with Escape and navigate using the Arrow keys.\" data-no-translation-aria-label=\"\">\n\t\t\t<div class=\"e-n-tabs-heading\" role=\"tablist\">\n\t\t\t\t\t<button id=\"e-n-tab-title-2533197221\" class=\"e-n-tab-title\" aria-selected=\"true\" data-tab-index=\"1\" role=\"tab\" tabindex=\"0\" aria-controls=\"e-n-tab-content-2533197221\" style=\"--n-tabs-title-order: 1;\">\n\t\t\t\t\t\t<span class=\"e-n-tab-title-text\">\n\t\t\t\tToutes cat\u00e9gories\t\t\t<\/span>\n\t\t<\/button>\n\t\t\t\t<button id=\"e-n-tab-title-2533197222\" class=\"e-n-tab-title\" aria-selected=\"false\" data-tab-index=\"2\" role=\"tab\" tabindex=\"-1\" aria-controls=\"e-n-tab-content-2533197222\" style=\"--n-tabs-title-order: 2;\">\n\t\t\t\t\t\t<span class=\"e-n-tab-title-text\">\n\t\t\t\t\u00c9V\u00c8NEMENTS\t\t\t<\/span>\n\t\t<\/button>\n\t\t\t\t<button id=\"e-n-tab-title-2533197223\" class=\"e-n-tab-title\" aria-selected=\"false\" data-tab-index=\"3\" role=\"tab\" tabindex=\"-1\" aria-controls=\"e-n-tab-content-2533197223\" style=\"--n-tabs-title-order: 3;\">\n\t\t\t\t\t\t<span class=\"e-n-tab-title-text\">\n\t\t\t\tINNOVATION\t\t\t<\/span>\n\t\t<\/button>\n\t\t\t\t<button id=\"e-n-tab-title-2533197224\" class=\"e-n-tab-title\" aria-selected=\"false\" data-tab-index=\"4\" role=\"tab\" tabindex=\"-1\" aria-controls=\"e-n-tab-content-2533197224\" style=\"--n-tabs-title-order: 4;\">\n\t\t\t\t\t\t<span class=\"e-n-tab-title-text\">\n\t\t\t\tR\u00c9FORME\t\t\t<\/span>\n\t\t<\/button>\n\t\t\t\t\t<\/div>\n\t\t\t<div class=\"e-n-tabs-content\">\n\t\t\t\t<div id=\"e-n-tab-content-2533197221\" role=\"tabpanel\" aria-labelledby=\"e-n-tab-title-2533197221\" data-tab-index=\"1\" style=\"--n-tabs-title-order: 1;\" class=\"e-active elementor-element elementor-element-403f19d e-con-full e-flex e-con e-child\" data-id=\"403f19d\" data-element_type=\"container\">\n\t\t\t\t<div class=\"elementor-element elementor-element-f6406b1 elementor-widget elementor-widget-shortcode\" data-id=\"f6406b1\" data-element_type=\"widget\" data-widget_type=\"shortcode.default\">\n\t\t\t\t\t\t\t<div class=\"elementor-shortcode\"><div class=\"ct-posts-shortcode\" data-prefix=\"blog\"><div class=\"entries\" data-archive=\"default\" data-layout=\"grid\" data-cards=\"boxed\"><article class=\"entry-card card-content post-724 post type-post status-publish format-standard has-post-thumbnail hentry category-evenement\" ><a class=\"ct-media-container boundless-image\" href=\"https:\/\/portail.staging.ssc.baamtuservices.com\/en\/mctn-au-fii-senegal-2025-le-new-deal-technologique-a-lhonneur\/\" aria-label=\"MCTN au FII S\u00e9n\u00e9gal 2025 : le New Deal Technologique \u00e0 l\u2019honneur\"><img loading=\"lazy\" decoding=\"async\" width=\"768\" height=\"431\" src=\"https:\/\/portail.staging.ssc.baamtuservices.com\/wp-content\/uploads\/2025\/11\/Image_Fii-senegal-768x431.jpg\" class=\"attachment-medium_large size-medium_large wp-post-image\" alt=\"\" srcset=\"https:\/\/portail.staging.ssc.baamtuservices.com\/wp-content\/uploads\/2025\/11\/Image_Fii-senegal-768x431.jpg 768w, https:\/\/portail.staging.ssc.baamtuservices.com\/wp-content\/uploads\/2025\/11\/Image_Fii-senegal-300x168.jpg 300w, https:\/\/portail.staging.ssc.baamtuservices.com\/wp-content\/uploads\/2025\/11\/Image_Fii-senegal-1024x575.jpg 1024w, https:\/\/portail.staging.ssc.baamtuservices.com\/wp-content\/uploads\/2025\/11\/Image_Fii-senegal-18x10.jpg 18w, https:\/\/portail.staging.ssc.baamtuservices.com\/wp-content\/uploads\/2025\/11\/Image_Fii-senegal.jpg 1440w\" sizes=\"auto, (max-width: 768px) 100vw, 768px\" itemprop=\"image\" style=\"aspect-ratio: 4\/3;\" \/><\/a><h2 class=\"entry-title\"><a href=\"https:\/\/portail.staging.ssc.baamtuservices.com\/en\/mctn-au-fii-senegal-2025-le-new-deal-technologique-a-lhonneur\/\" rel=\"bookmark\">MCTN au FII S\u00e9n\u00e9gal 2025 : le New Deal Technologique \u00e0 l\u2019honneur<\/a><\/h2><div class=\"entry-excerpt\"><p>Le Minist\u00e8re de la Communication, des T\u00e9l\u00e9communications et du Num\u00e9rique (MCTN) a donn\u00e9 le\u2026<\/p>\n<\/div><ul class=\"entry-meta\" data-type=\"simple:slash\" data-id=\"meta_2\" ><li class=\"meta-date\" itemprop=\"datePublished\"><time class=\"ct-meta-element-date\" datetime=\"2025-11-12T12:35:56+00:00\">November 12, 2025<\/time><\/li><\/ul><\/article><article class=\"entry-card card-content post-722 post type-post status-publish format-standard has-post-thumbnail hentry category-evenement\" ><a class=\"ct-media-container boundless-image\" href=\"https:\/\/portail.staging.ssc.baamtuservices.com\/en\/dakar-slushd-2025-lafrique-innove-et-construit-son-futur\/\" aria-label=\"Dakar Slush\u2019D 2025 : l\u2019Afrique innove et construit son futur\"><img loading=\"lazy\" decoding=\"async\" width=\"768\" height=\"512\" src=\"https:\/\/portail.staging.ssc.baamtuservices.com\/wp-content\/uploads\/2025\/11\/Image_1-768x512.jpg\" class=\"attachment-medium_large size-medium_large wp-post-image\" alt=\"\" srcset=\"https:\/\/portail.staging.ssc.baamtuservices.com\/wp-content\/uploads\/2025\/11\/Image_1-768x512.jpg 768w, https:\/\/portail.staging.ssc.baamtuservices.com\/wp-content\/uploads\/2025\/11\/Image_1-300x200.jpg 300w, https:\/\/portail.staging.ssc.baamtuservices.com\/wp-content\/uploads\/2025\/11\/Image_1-1024x683.jpg 1024w, https:\/\/portail.staging.ssc.baamtuservices.com\/wp-content\/uploads\/2025\/11\/Image_1-18x12.jpg 18w, https:\/\/portail.staging.ssc.baamtuservices.com\/wp-content\/uploads\/2025\/11\/Image_1.jpg 1080w\" sizes=\"auto, (max-width: 768px) 100vw, 768px\" itemprop=\"image\" style=\"aspect-ratio: 4\/3;\" \/><\/a><h2 class=\"entry-title\"><a href=\"https:\/\/portail.staging.ssc.baamtuservices.com\/en\/dakar-slushd-2025-lafrique-innove-et-construit-son-futur\/\" rel=\"bookmark\">Dakar Slush\u2019D 2025 : l\u2019Afrique innove et construit son futur<\/a><\/h2><div class=\"entry-excerpt\"><p>Le Dakar Slush\u2019D 2025 a une fois de plus rassembl\u00e9 les acteurs qui fa\u00e7onnent\u2026<\/p>\n<\/div><ul class=\"entry-meta\" data-type=\"simple:slash\" data-id=\"meta_2\" ><li class=\"meta-date\" itemprop=\"datePublished\"><time class=\"ct-meta-element-date\" datetime=\"2025-11-12T12:14:34+00:00\">November 12, 2025<\/time><\/li><\/ul><\/article><article class=\"entry-card card-content post-1164 post type-post status-publish format-standard has-post-thumbnail hentry category-innovation\" ><a class=\"ct-media-container boundless-image\" href=\"https:\/\/portail.staging.ssc.baamtuservices.com\/en\/le-govathon-2025-linnovation-citoyenne-au-coeur-du-new-deal-technologique\/\" aria-label=\"Le Gov\u2019athon 2025 : l\u2019innovation citoyenne au c\u0153ur du New Deal Technologique\"><img loading=\"lazy\" decoding=\"async\" width=\"768\" height=\"512\" src=\"https:\/\/portail.staging.ssc.baamtuservices.com\/wp-content\/uploads\/2025\/11\/Image_2-1-768x512.jpg\" class=\"attachment-medium_large size-medium_large wp-post-image\" alt=\"\" srcset=\"https:\/\/portail.staging.ssc.baamtuservices.com\/wp-content\/uploads\/2025\/11\/Image_2-1-768x512.jpg 768w, https:\/\/portail.staging.ssc.baamtuservices.com\/wp-content\/uploads\/2025\/11\/Image_2-1-300x200.jpg 300w, https:\/\/portail.staging.ssc.baamtuservices.com\/wp-content\/uploads\/2025\/11\/Image_2-1-1024x683.jpg 1024w, https:\/\/portail.staging.ssc.baamtuservices.com\/wp-content\/uploads\/2025\/11\/Image_2-1-18x12.jpg 18w, https:\/\/portail.staging.ssc.baamtuservices.com\/wp-content\/uploads\/2025\/11\/Image_2-1.jpg 1040w\" sizes=\"auto, (max-width: 768px) 100vw, 768px\" itemprop=\"image\" style=\"aspect-ratio: 4\/3;\" \/><\/a><h2 class=\"entry-title\"><a href=\"https:\/\/portail.staging.ssc.baamtuservices.com\/en\/le-govathon-2025-linnovation-citoyenne-au-coeur-du-new-deal-technologique\/\" rel=\"bookmark\">Le Gov\u2019athon 2025 : l\u2019innovation citoyenne au c\u0153ur du New Deal Technologique<\/a><\/h2><div class=\"entry-excerpt\"><p>Le ton de l\u2019innovation et de la transformation num\u00e9rique est donn\u00e9 ! Ce vendredi\u2026<\/p>\n<\/div><ul class=\"entry-meta\" data-type=\"simple:slash\" data-id=\"meta_2\" ><li class=\"meta-date\" itemprop=\"datePublished\"><time class=\"ct-meta-element-date\" datetime=\"2025-11-12T10:27:14+00:00\">November 12, 2025<\/time><\/li><\/ul><\/article><\/div><\/div><\/div>\n\t\t\t\t\t\t<\/div>\n\t\t\t\t<\/div>\n\t\t<div id=\"e-n-tab-content-2533197222\" role=\"tabpanel\" aria-labelledby=\"e-n-tab-title-2533197222\" data-tab-index=\"2\" style=\"--n-tabs-title-order: 2;\" class=\"elementor-element elementor-element-b3f29c0 e-con-full e-flex e-con e-child\" data-id=\"b3f29c0\" data-element_type=\"container\">\n\t\t\t\t<div class=\"elementor-element elementor-element-68f1ffe elementor-widget__width-initial elementor-widget elementor-widget-shortcode\" data-id=\"68f1ffe\" data-element_type=\"widget\" data-widget_type=\"shortcode.default\">\n\t\t\t\t\t\t\t<div class=\"elementor-shortcode\"><div class=\"ct-posts-shortcode\" data-prefix=\"blog\"><div class=\"entries\" data-archive=\"default\" data-layout=\"grid\" data-cards=\"boxed\"><article class=\"entry-card card-content post-724 post type-post status-publish format-standard has-post-thumbnail hentry category-evenement\" ><a class=\"ct-media-container boundless-image\" href=\"https:\/\/portail.staging.ssc.baamtuservices.com\/en\/mctn-au-fii-senegal-2025-le-new-deal-technologique-a-lhonneur\/\" aria-label=\"MCTN au FII S\u00e9n\u00e9gal 2025 : le New Deal Technologique \u00e0 l\u2019honneur\"><img loading=\"lazy\" decoding=\"async\" width=\"768\" height=\"431\" src=\"https:\/\/portail.staging.ssc.baamtuservices.com\/wp-content\/uploads\/2025\/11\/Image_Fii-senegal-768x431.jpg\" class=\"attachment-medium_large size-medium_large wp-post-image\" alt=\"\" srcset=\"https:\/\/portail.staging.ssc.baamtuservices.com\/wp-content\/uploads\/2025\/11\/Image_Fii-senegal-768x431.jpg 768w, https:\/\/portail.staging.ssc.baamtuservices.com\/wp-content\/uploads\/2025\/11\/Image_Fii-senegal-300x168.jpg 300w, https:\/\/portail.staging.ssc.baamtuservices.com\/wp-content\/uploads\/2025\/11\/Image_Fii-senegal-1024x575.jpg 1024w, https:\/\/portail.staging.ssc.baamtuservices.com\/wp-content\/uploads\/2025\/11\/Image_Fii-senegal-18x10.jpg 18w, https:\/\/portail.staging.ssc.baamtuservices.com\/wp-content\/uploads\/2025\/11\/Image_Fii-senegal.jpg 1440w\" sizes=\"auto, (max-width: 768px) 100vw, 768px\" itemprop=\"image\" style=\"aspect-ratio: 4\/3;\" \/><\/a><h2 class=\"entry-title\"><a href=\"https:\/\/portail.staging.ssc.baamtuservices.com\/en\/mctn-au-fii-senegal-2025-le-new-deal-technologique-a-lhonneur\/\" rel=\"bookmark\">MCTN au FII S\u00e9n\u00e9gal 2025 : le New Deal Technologique \u00e0 l\u2019honneur<\/a><\/h2><div class=\"entry-excerpt\"><p>Le Minist\u00e8re de la Communication, des T\u00e9l\u00e9communications et du Num\u00e9rique (MCTN) a donn\u00e9 le\u2026<\/p>\n<\/div><ul class=\"entry-meta\" data-type=\"simple:slash\" data-id=\"meta_2\" ><li class=\"meta-date\" itemprop=\"datePublished\"><time class=\"ct-meta-element-date\" datetime=\"2025-11-12T12:35:56+00:00\">November 12, 2025<\/time><\/li><\/ul><\/article><article class=\"entry-card card-content post-722 post type-post status-publish format-standard has-post-thumbnail hentry category-evenement\" ><a class=\"ct-media-container boundless-image\" href=\"https:\/\/portail.staging.ssc.baamtuservices.com\/en\/dakar-slushd-2025-lafrique-innove-et-construit-son-futur\/\" aria-label=\"Dakar Slush\u2019D 2025 : l\u2019Afrique innove et construit son futur\"><img loading=\"lazy\" decoding=\"async\" width=\"768\" height=\"512\" src=\"https:\/\/portail.staging.ssc.baamtuservices.com\/wp-content\/uploads\/2025\/11\/Image_1-768x512.jpg\" class=\"attachment-medium_large size-medium_large wp-post-image\" alt=\"\" srcset=\"https:\/\/portail.staging.ssc.baamtuservices.com\/wp-content\/uploads\/2025\/11\/Image_1-768x512.jpg 768w, https:\/\/portail.staging.ssc.baamtuservices.com\/wp-content\/uploads\/2025\/11\/Image_1-300x200.jpg 300w, https:\/\/portail.staging.ssc.baamtuservices.com\/wp-content\/uploads\/2025\/11\/Image_1-1024x683.jpg 1024w, https:\/\/portail.staging.ssc.baamtuservices.com\/wp-content\/uploads\/2025\/11\/Image_1-18x12.jpg 18w, https:\/\/portail.staging.ssc.baamtuservices.com\/wp-content\/uploads\/2025\/11\/Image_1.jpg 1080w\" sizes=\"auto, (max-width: 768px) 100vw, 768px\" itemprop=\"image\" style=\"aspect-ratio: 4\/3;\" \/><\/a><h2 class=\"entry-title\"><a href=\"https:\/\/portail.staging.ssc.baamtuservices.com\/en\/dakar-slushd-2025-lafrique-innove-et-construit-son-futur\/\" rel=\"bookmark\">Dakar Slush\u2019D 2025 : l\u2019Afrique innove et construit son futur<\/a><\/h2><div class=\"entry-excerpt\"><p>Le Dakar Slush\u2019D 2025 a une fois de plus rassembl\u00e9 les acteurs qui fa\u00e7onnent\u2026<\/p>\n<\/div><ul class=\"entry-meta\" data-type=\"simple:slash\" data-id=\"meta_2\" ><li class=\"meta-date\" itemprop=\"datePublished\"><time class=\"ct-meta-element-date\" datetime=\"2025-11-12T12:14:34+00:00\">November 12, 2025<\/time><\/li><\/ul><\/article><\/div><\/div>\n<\/div>\n\t\t\t\t\t\t<\/div>\n\t\t\t\t<\/div>\n\t\t<div id=\"e-n-tab-content-2533197223\" role=\"tabpanel\" aria-labelledby=\"e-n-tab-title-2533197223\" data-tab-index=\"3\" style=\"--n-tabs-title-order: 3;\" class=\"elementor-element elementor-element-d8045c5 e-con-full e-flex e-con e-child\" data-id=\"d8045c5\" data-element_type=\"container\">\n\t\t\t\t<div class=\"elementor-element elementor-element-37b5409 elementor-widget elementor-widget-shortcode\" data-id=\"37b5409\" data-element_type=\"widget\" data-widget_type=\"shortcode.default\">\n\t\t\t\t\t\t\t<div class=\"elementor-shortcode\"><div class=\"ct-posts-shortcode\" data-prefix=\"blog\"><div class=\"entries\" data-archive=\"default\" data-layout=\"grid\" data-cards=\"boxed\"><article class=\"entry-card card-content post-1164 post type-post status-publish format-standard has-post-thumbnail hentry category-innovation\" ><a class=\"ct-media-container boundless-image\" href=\"https:\/\/portail.staging.ssc.baamtuservices.com\/en\/le-govathon-2025-linnovation-citoyenne-au-coeur-du-new-deal-technologique\/\" aria-label=\"Le Gov\u2019athon 2025 : l\u2019innovation citoyenne au c\u0153ur du New Deal Technologique\"><img loading=\"lazy\" decoding=\"async\" width=\"768\" height=\"512\" src=\"https:\/\/portail.staging.ssc.baamtuservices.com\/wp-content\/uploads\/2025\/11\/Image_2-1-768x512.jpg\" class=\"attachment-medium_large size-medium_large wp-post-image\" alt=\"\" srcset=\"https:\/\/portail.staging.ssc.baamtuservices.com\/wp-content\/uploads\/2025\/11\/Image_2-1-768x512.jpg 768w, https:\/\/portail.staging.ssc.baamtuservices.com\/wp-content\/uploads\/2025\/11\/Image_2-1-300x200.jpg 300w, https:\/\/portail.staging.ssc.baamtuservices.com\/wp-content\/uploads\/2025\/11\/Image_2-1-1024x683.jpg 1024w, https:\/\/portail.staging.ssc.baamtuservices.com\/wp-content\/uploads\/2025\/11\/Image_2-1-18x12.jpg 18w, https:\/\/portail.staging.ssc.baamtuservices.com\/wp-content\/uploads\/2025\/11\/Image_2-1.jpg 1040w\" sizes=\"auto, (max-width: 768px) 100vw, 768px\" itemprop=\"image\" style=\"aspect-ratio: 4\/3;\" \/><\/a><h2 class=\"entry-title\"><a href=\"https:\/\/portail.staging.ssc.baamtuservices.com\/en\/le-govathon-2025-linnovation-citoyenne-au-coeur-du-new-deal-technologique\/\" rel=\"bookmark\">Le Gov\u2019athon 2025 : l\u2019innovation citoyenne au c\u0153ur du New Deal Technologique<\/a><\/h2><div class=\"entry-excerpt\"><p>Le ton de l\u2019innovation et de la transformation num\u00e9rique est donn\u00e9 ! Ce vendredi\u2026<\/p>\n<\/div><ul class=\"entry-meta\" data-type=\"simple:slash\" data-id=\"meta_2\" ><li class=\"meta-date\" itemprop=\"datePublished\"><time class=\"ct-meta-element-date\" datetime=\"2025-11-12T10:27:14+00:00\">November 12, 2025<\/time><\/li><\/ul><\/article><\/div><\/div>\n<\/div>\n\t\t\t\t\t\t<\/div>\n\t\t\t\t<\/div>\n\t\t<div id=\"e-n-tab-content-2533197224\" role=\"tabpanel\" aria-labelledby=\"e-n-tab-title-2533197224\" data-tab-index=\"4\" style=\"--n-tabs-title-order: 4;\" class=\"elementor-element elementor-element-57d5408 e-con-full e-flex e-con e-child\" data-id=\"57d5408\" data-element_type=\"container\">\n\t\t\t\t<div class=\"elementor-element elementor-element-6774122 elementor-widget elementor-widget-shortcode\" data-id=\"6774122\" data-element_type=\"widget\" data-widget_type=\"shortcode.default\">\n\t\t\t\t\t\t\t<div class=\"elementor-shortcode\"><div class=\"ct-posts-shortcode\" data-prefix=\"blog\"><div class=\"entry-content is-layout-flow\">\n\n<form role=\"search\" method=\"get\" class=\"ct-search-form\" data-form-controls=\"inside\" data-taxonomy-filter=\"false\" data-submit-button=\"icon\" action=\"https:\/\/portail.staging.ssc.baamtuservices.com\/en\/\" aria-haspopup=\"listbox\" data-live-results=\"thumbs\" data-trp-original-action=\"https:\/\/portail.staging.ssc.baamtuservices.com\/en\/\">\n\n\t<input \n\t\ttype=\"search\" \t\tplaceholder=\"Search\"\n\t\tvalue=\"\"\n\t\tname=\"s\"\n\t\tautocomplete=\"off\"\n\t\ttitle=\"Search for...\"\n\t\taria-label=\"Search for...\"\n\t\t\t>\n\n\t<div class=\"ct-search-form-controls\">\n\t\t\n\t\t<button type=\"submit\" class=\"wp-element-button\" data-button=\"inside:icon\" aria-label=\"Search button\">\n\t\t\t<svg class=\"ct-icon ct-search-button-content\" aria-hidden=\"true\" width=\"15\" height=\"15\" viewbox=\"0 0 15 15\"><path d=\"M14.8,13.7L12,11c0.9-1.2,1.5-2.6,1.5-4.2c0-3.7-3-6.8-6.8-6.8S0,3,0,6.8s3,6.8,6.8,6.8c1.6,0,3.1-0.6,4.2-1.5l2.8,2.8c0.1,0.1,0.3,0.2,0.5,0.2s0.4-0.1,0.5-0.2C15.1,14.5,15.1,14,14.8,13.7z M1.5,6.8c0-2.9,2.4-5.2,5.2-5.2S12,3.9,12,6.8S9.6,12,6.8,12S1.5,9.6,1.5,6.8z\"\/><\/svg>\n\t\t\t<span class=\"ct-ajax-loader\">\n\t\t\t\t<svg viewbox=\"0 0 24 24\">\n\t\t\t\t\t<circle cx=\"12\" cy=\"12\" r=\"10\" opacity=\"0.2\" fill=\"none\" stroke=\"currentColor\" stroke-miterlimit=\"10\" stroke-width=\"2\"\/>\n\n\t\t\t\t\t<path d=\"m12,2c5.52,0,10,4.48,10,10\" fill=\"none\" stroke=\"currentColor\" stroke-linecap=\"round\" stroke-miterlimit=\"10\" stroke-width=\"2\">\n\t\t\t\t\t\t<animatetransform\n\t\t\t\t\t\t\tattributename=\"transform\"\n\t\t\t\t\t\t\tattributetype=\"XML\"\n\t\t\t\t\t\t\ttype=\"rotate\"\n\t\t\t\t\t\t\tdur=\"0.6s\"\n\t\t\t\t\t\t\tfrom=\"0 12 12\"\n\t\t\t\t\t\t\tto=\"360 12 12\"\n\t\t\t\t\t\t\trepeatcount=\"indefinite\"\n\t\t\t\t\t\t\/>\n\t\t\t\t\t<\/path>\n\t\t\t\t<\/svg>\n\t\t\t<\/span>\n\t\t<\/button>\n\n\t\t\n\t\t\n\t\t\n\n\t\t<input type=\"hidden\" value=\"2e9f9dddbe\" class=\"ct-live-results-nonce\">\t<\/div>\n\n\t\t\t<div class=\"screen-reader-text\" aria-live=\"polite\" role=\"status\">\n\t\t\tNo results\t\t<\/div>\n\t\n<input type=\"hidden\" name=\"trp-form-language\" value=\"en\"\/><\/form>\n\n\n<\/div><\/div>\n<\/div>\n\t\t\t\t\t\t<\/div>\n\t\t\t\t<\/div>\n\t\t\t\t\t<\/div>\n\t\t<\/div>\n\t\t\t\t\t\t<\/div>\n\t\t\t\t<div class=\"elementor-element elementor-element-a8dc0be elementor-widget elementor-widget-spacer\" data-id=\"a8dc0be\" data-element_type=\"widget\" data-widget_type=\"spacer.default\">\n\t\t\t\t\t\t\t<div class=\"elementor-spacer\">\n\t\t\t<div class=\"elementor-spacer-inner\"><\/div>\n\t\t<\/div>\n\t\t\t\t\t\t<\/div>\n\t\t\t\t\t<\/div>\n\t\t\t\t<\/div>\n\t\t<div class=\"elementor-element elementor-element-f72a73a e-flex e-con-boxed e-con e-parent\" data-id=\"f72a73a\" data-element_type=\"container\" data-settings=\"{&quot;background_background&quot;:&quot;classic&quot;}\">\n\t\t\t\t\t<div class=\"e-con-inner\">\n\t\t<div class=\"elementor-element elementor-element-831da00 e-con-full e-flex e-con e-child\" data-id=\"831da00\" data-element_type=\"container\">\n\t\t<div class=\"elementor-element elementor-element-85615fe e-con-full e-flex e-con e-child\" data-id=\"85615fe\" data-element_type=\"container\" data-settings=\"{&quot;background_background&quot;:&quot;classic&quot;}\">\n\t\t\t\t<div class=\"elementor-element elementor-element-c20f3f8 elementor-widget elementor-widget-heading\" data-id=\"c20f3f8\" data-element_type=\"widget\" data-widget_type=\"heading.default\">\n\t\t\t\t\t<h2 class=\"elementor-heading-title elementor-size-default\">REJOIGNEZ<br>L'ECOSYST\u00c8ME<br>START UP<\/h2>\t\t\t\t<\/div>\n\t\t\t\t<\/div>\n\t\t<div class=\"elementor-element elementor-element-71f9aa6 e-con-full e-flex e-con e-child\" data-id=\"71f9aa6\" data-element_type=\"container\">\n\t\t\t\t<div class=\"elementor-element elementor-element-3688930 elementor-align-center elementor-mobile-align-justify elementor-widget-mobile__width-initial elementor-widget elementor-widget-button\" data-id=\"3688930\" data-element_type=\"widget\" data-widget_type=\"button.default\">\n\t\t\t\t\t\t\t\t\t\t<a class=\"elementor-button elementor-button-link elementor-size-sm\" href=\"https:\/\/console.ssc.baamtuservices.com\/registration\/startup\">\n\t\t\t\t\t\t<span class=\"elementor-button-content-wrapper\">\n\t\t\t\t\t\t\t\t\t<span class=\"elementor-button-text\">En tant que start up<\/span>\n\t\t\t\t\t<\/span>\n\t\t\t\t\t<\/a>\n\t\t\t\t\t\t\t\t<\/div>\n\t\t\t\t<div class=\"elementor-element elementor-element-05510a8 elementor-align-center elementor-widget elementor-widget-button\" data-id=\"05510a8\" data-element_type=\"widget\" data-widget_type=\"button.default\">\n\t\t\t\t\t\t\t\t\t\t<a class=\"elementor-button elementor-button-link elementor-size-sm\" href=\"https:\/\/console.ssc.baamtuservices.com\/registration\/sae\">\n\t\t\t\t\t\t<span class=\"elementor-button-content-wrapper\">\n\t\t\t\t\t\t\t\t\t<span class=\"elementor-button-text\">En tant que structure d'accompagement<\/span>\n\t\t\t\t\t<\/span>\n\t\t\t\t\t<\/a>\n\t\t\t\t\t\t\t\t<\/div>\n\t\t\t\t<\/div>\n\t\t\t\t<\/div>\n\t\t\t\t<div class=\"elementor-element elementor-element-605c36a elementor-widget elementor-widget-spacer\" data-id=\"605c36a\" data-element_type=\"widget\" data-widget_type=\"spacer.default\">\n\t\t\t\t\t\t\t<div class=\"elementor-spacer\">\n\t\t\t<div class=\"elementor-spacer-inner\"><\/div>\n\t\t<\/div>\n\t\t\t\t\t\t<\/div>\n\t\t\t\t\t<\/div>\n\t\t\t\t<\/div>\n\t\t\t\t<\/div>","protected":false},"excerpt":{"rendered":"<p>L&rsquo;ECOSYSTEME START UP NE CESSE DE VIVRE DES ACTUALIT\u00c9S \u00c9TONNANTES D\u00e9couvrez notre actualit\u00e9 NOTRE ACTUALIT\u00c9 Toutes cat\u00e9gories \u00c9V\u00c8NEMENTS INNOVATION R\u00c9FORME MCTN au FII S\u00e9n\u00e9gal 2025 : le New Deal Technologique \u00e0 l\u2019honneur Le Minist\u00e8re de la Communication, des T\u00e9l\u00e9communications et du Num\u00e9rique (MCTN) a donn\u00e9 le\u2026 novembre 12, 2025 Dakar Slush\u2019D 2025 : l\u2019Afrique innove [&hellip;]<\/p>","protected":false},"author":1,"featured_media":0,"parent":0,"menu_order":0,"comment_status":"closed","ping_status":"closed","template":"","meta":{"footnotes":""},"class_list":["post-24","page","type-page","status-publish","hentry"],"blocksy_meta":[],"_hostinger_reach_plugin_has_subscription_block":false,"_hostinger_reach_plugin_is_elementor":false,"_links":{"self":[{"href":"https:\/\/portail.staging.ssc.baamtuservices.com\/en\/wp-json\/wp\/v2\/pages\/24","targetHints":{"allow":["GET"]}}],"collection":[{"href":"https:\/\/portail.staging.ssc.baamtuservices.com\/en\/wp-json\/wp\/v2\/pages"}],"about":[{"href":"https:\/\/portail.staging.ssc.baamtuservices.com\/en\/wp-json\/wp\/v2\/types\/page"}],"author":[{"embeddable":true,"href":"https:\/\/portail.staging.ssc.baamtuservices.com\/en\/wp-json\/wp\/v2\/users\/1"}],"replies":[{"embeddable":true,"href":"https:\/\/portail.staging.ssc.baamtuservices.com\/en\/wp-json\/wp\/v2\/comments?post=24"}],"version-history":[{"count":88,"href":"https:\/\/portail.staging.ssc.baamtuservices.com\/en\/wp-json\/wp\/v2\/pages\/24\/revisions"}],"predecessor-version":[{"id":2130,"href":"https:\/\/portail.staging.ssc.baamtuservices.com\/en\/wp-json\/wp\/v2\/pages\/24\/revisions\/2130"}],"wp:attachment":[{"href":"https:\/\/portail.staging.ssc.baamtuservices.com\/en\/wp-json\/wp\/v2\/media?parent=24"}],"curies":[{"name":"wp","href":"https:\/\/api.w.org\/{rel}","templated":true}]}}